{"id":589,"date":"2016-07-28T12:42:35","date_gmt":"2016-07-28T10:42:35","guid":{"rendered":"http:\/\/elenafortuny.com\/ca\/la-danesa\/"},"modified":"2023-10-06T14:10:11","modified_gmt":"2023-10-06T12:10:11","slug":"la-danesa","status":"publish","type":"page","link":"https:\/\/elenafortuny.com\/ca\/la-danesa\/","title":{"rendered":"La Danesa"},"content":{"rendered":"\t\t<div data-elementor-type=\"wp-page\" data-elementor-id=\"589\" class=\"elementor elementor-589 elementor-581\" data-elementor-post-type=\"page\">\n\t\t\t\t<div class=\"elementor-element elementor-element-671b2c1 e-flex e-con-boxed e-con e-parent\" data-id=\"671b2c1\" data-element_type=\"container\">\n\t\t\t\t\t<div class=\"e-con-inner\">\n\t\t\t\t<div class=\"elementor-element elementor-element-35114dc elementor-widget elementor-widget-image\" data-id=\"35114dc\" data-element_type=\"widget\" data-widget_type=\"image.default\">\n\t\t\t\t<div class=\"elementor-widget-container\">\n\t\t\t\t\t\t\t\t\t\t\t\t\t\t\t<img fetchpriority=\"high\" decoding=\"async\" width=\"500\" height=\"160\" src=\"https:\/\/elenafortuny.com\/wp-content\/uploads\/2016\/07\/la-danesa-logo.jpg\" class=\"attachment-full size-full wp-image-583\" alt=\"\" srcset=\"https:\/\/elenafortuny.com\/wp-content\/uploads\/2016\/07\/la-danesa-logo.jpg 500w, https:\/\/elenafortuny.com\/wp-content\/uploads\/2016\/07\/la-danesa-logo-300x96.jpg 300w\" sizes=\"(max-width: 500px) 100vw, 500px\" \/>\t\t\t\t\t\t\t\t\t\t\t\t\t\t\t<\/div>\n\t\t\t\t<\/div>\n\t\t\t\t<div class=\"elementor-element elementor-element-1df7dff elementor-widget elementor-widget-text-editor\" data-id=\"1df7dff\" data-element_type=\"widget\" data-widget_type=\"text-editor.default\">\n\t\t\t\t<div class=\"elementor-widget-container\">\n\t\t\t\t\t\t\t\t\t<p><strong>La Danesa<\/strong>\u00a0\u00e9s una companyia de teatre contemporani de text fundada el 2011 per Elena Fortuny, Ota Vall\u00e8s i Jumon Erra.<\/p><p>Hem produ\u00eft cinc espectacles:\u00a0<strong><em>Un disgust dan\u00e8s\u00a0<\/em><\/strong>(Nau Ivanow\/Pensi\u00f3n de las Pulgas)<strong>\u00a0i\u00a0<\/strong><em><strong>La dist\u00e0ncia entre el llamp i el tro\u00a0<\/strong><\/em>(OSIC\/Teatre Tantarantana)<em>,<\/em>\u00a0tots dos autoria de Jumon Erra;\u00a0<strong><em>Assaig sobre la Lucidesa\u00a0<\/em><\/strong>(OSIC\/GREC2018\/Teatre Lliure), adaptaci\u00f3 teatral de l\u2019obra hom\u00f2nima del Premi Nobel Jos\u00e9 Saramago, signada per Jumon Erra i amb direcci\u00f3 de Roger Juli\u00e0;\u00a0<strong><em>Sin t\u00edtulo<\/em><\/strong>\u00a0(ICUB\/Arnau Itinerant 2019), espectacle comunitari basat en la\u00a0<em>Comedia sin T\u00edtulo<\/em>\u00a0de Federico Garc\u00eda Lorca amb dramat\u00fargia de Jumon Erra i dirigit per Elena Fortuny;\u00a0<strong><em>El nedador del mar secret<\/em>\u00a0<\/strong>\u00a0de William Kotzwinkle amb dramat\u00fargia i direcci\u00f3 de Jumon Erra (XIV Premi Quim Mas\u00f3\/ Festival Temporada Alta 2021\/Teatre Nacional de Catalunya).<\/p><p>Actualment, treballem en el nostre proper projecte en col\u00b7laboraci\u00f3 amb el core\u00f2graf i creador Pere Faura, un espectacle comunitari entorn de la pand\u00e8mia de SIDA a Catalunya amb un col\u00b7lectiu divers de ve\u00efnxs dels barris del Raval i Poble Sec. L\u2019estrena est\u00e0 prevista el proper 1 de desembre de 2022, Dia Mundial de la SIDA. El projecte rep el suport d\u2019Art for Change de Fundaci\u00f3 La Caixa.<\/p>\t\t\t\t\t\t\t\t<\/div>\n\t\t\t\t<\/div>\n\t\t\t\t<div class=\"elementor-element elementor-element-d7411e8 elementor-widget elementor-widget-button\" data-id=\"d7411e8\" data-element_type=\"widget\" data-widget_type=\"button.default\">\n\t\t\t\t<div class=\"elementor-widget-container\">\n\t\t\t\t\t\t\t\t\t<div class=\"elementor-button-wrapper\">\n\t\t\t\t\t<a class=\"elementor-button elementor-button-link elementor-size-sm\" href=\"https:\/\/cialadanesa.com\/es\/\" target=\"_blank\">\n\t\t\t\t\t\t<span class=\"elementor-button-content-wrapper\">\n\t\t\t\t\t\t\t\t\t<span class=\"elementor-button-text\">La web de La Danesa<\/span>\n\t\t\t\t\t<\/span>\n\t\t\t\t\t<\/a>\n\t\t\t\t<\/div>\n\t\t\t\t\t\t\t\t<\/div>\n\t\t\t\t<\/div>\n\t\t\t\t<div class=\"elementor-element elementor-element-5296fc7 elementor-widget elementor-widget-heading\" data-id=\"5296fc7\" data-element_type=\"widget\" data-widget_type=\"heading.default\">\n\t\t\t\t<div class=\"elementor-widget-container\">\n\t\t\t\t\t<h2 class=\"elementor-heading-title elementor-size-default\">Les produccions de La Danesa:<\/h2>\t\t\t\t<\/div>\n\t\t\t\t<\/div>\n\t\t\t\t\t<\/div>\n\t\t\t\t<\/div>\n\t\t\t\t<\/div>\n\t\t","protected":false},"excerpt":{"rendered":"<p>La Danesa\u00a0\u00e9s una companyia de teatre contemporani de text fundada el 2011 per Elena Fortuny, Ota Vall\u00e8s i Jumon Erra. Hem produ\u00eft cinc espectacles:\u00a0Un disgust dan\u00e8s\u00a0(Nau Ivanow\/Pensi\u00f3n de las Pulgas)\u00a0i\u00a0La dist\u00e0ncia entre el llamp i el tro\u00a0(OSIC\/Teatre Tantarantana),\u00a0tots dos autoria de Jumon Erra;\u00a0Assaig sobre la Lucidesa\u00a0(OSIC\/GREC2018\/Teatre Lliure), adaptaci\u00f3 teatral de l\u2019obra hom\u00f2nima del Premi Nobel [&hellip;]<\/p>\n","protected":false},"author":3,"featured_media":0,"parent":0,"menu_order":0,"comment_status":"closed","ping_status":"closed","template":"","meta":{"_acf_changed":false,"footnotes":""},"class_list":["post-589","page","type-page","status-publish","hentry"],"acf":[],"yoast_head":"<!-- This site is optimized with the Yoast SEO plugin v27.3 - https:\/\/yoast.com\/product\/yoast-seo-wordpress\/ -->\n<title>La Danesa<\/title>\n<meta name=\"robots\" content=\"index, follow, max-snippet:-1, max-image-preview:large, max-video-preview:-1\" \/>\n<link rel=\"canonical\" href=\"https:\/\/elenafortuny.com\/la-danesa\/\" \/>\n<meta property=\"og:locale\" content=\"ca_ES\" \/>\n<meta property=\"og:type\" content=\"article\" \/>\n<meta property=\"og:title\" content=\"La Danesa\" \/>\n<meta property=\"og:description\" content=\"La Danesa\u00a0\u00e9s una companyia de teatre contemporani de text fundada el 2011 per Elena Fortuny, Ota Vall\u00e8s i Jumon Erra. Hem produ\u00eft cinc espectacles:\u00a0Un disgust dan\u00e8s\u00a0(Nau Ivanow\/Pensi\u00f3n de las Pulgas)\u00a0i\u00a0La dist\u00e0ncia entre el llamp i el tro\u00a0(OSIC\/Teatre Tantarantana),\u00a0tots dos autoria de Jumon Erra;\u00a0Assaig sobre la Lucidesa\u00a0(OSIC\/GREC2018\/Teatre Lliure), adaptaci\u00f3 teatral de l\u2019obra hom\u00f2nima del Premi Nobel [&hellip;]\" \/>\n<meta property=\"og:url\" content=\"https:\/\/elenafortuny.com\/la-danesa\/\" \/>\n<meta property=\"og:site_name\" content=\"Elena Fortuny\" \/>\n<meta property=\"article:modified_time\" content=\"2023-10-06T12:10:11+00:00\" \/>\n<meta property=\"og:image\" content=\"https:\/\/elenafortuny.com\/wp-content\/uploads\/2016\/07\/la-danesa-logo.jpg\" \/>\n<meta name=\"twitter:label1\" content=\"Temps estimat de lectura\" \/>\n\t<meta name=\"twitter:data1\" content=\"3 minuts\" \/>\n<script type=\"application\/ld+json\" class=\"yoast-schema-graph\">{\"@context\":\"https:\\\/\\\/schema.org\",\"@graph\":[{\"@type\":\"WebPage\",\"@id\":\"https:\\\/\\\/elenafortuny.com\\\/la-danesa\\\/\",\"url\":\"https:\\\/\\\/elenafortuny.com\\\/la-danesa\\\/\",\"name\":\"La Danesa\",\"isPartOf\":{\"@id\":\"https:\\\/\\\/elenafortuny.com\\\/ca\\\/#website\"},\"primaryImageOfPage\":{\"@id\":\"https:\\\/\\\/elenafortuny.com\\\/la-danesa\\\/#primaryimage\"},\"image\":{\"@id\":\"https:\\\/\\\/elenafortuny.com\\\/la-danesa\\\/#primaryimage\"},\"thumbnailUrl\":\"https:\\\/\\\/elenafortuny.com\\\/wp-content\\\/uploads\\\/2016\\\/07\\\/la-danesa-logo.jpg\",\"datePublished\":\"2016-07-28T10:42:35+00:00\",\"dateModified\":\"2023-10-06T12:10:11+00:00\",\"breadcrumb\":{\"@id\":\"https:\\\/\\\/elenafortuny.com\\\/la-danesa\\\/#breadcrumb\"},\"inLanguage\":\"ca\",\"potentialAction\":[{\"@type\":\"ReadAction\",\"target\":[\"https:\\\/\\\/elenafortuny.com\\\/la-danesa\\\/\"]}]},{\"@type\":\"ImageObject\",\"inLanguage\":\"ca\",\"@id\":\"https:\\\/\\\/elenafortuny.com\\\/la-danesa\\\/#primaryimage\",\"url\":\"https:\\\/\\\/elenafortuny.com\\\/wp-content\\\/uploads\\\/2016\\\/07\\\/la-danesa-logo.jpg\",\"contentUrl\":\"https:\\\/\\\/elenafortuny.com\\\/wp-content\\\/uploads\\\/2016\\\/07\\\/la-danesa-logo.jpg\"},{\"@type\":\"BreadcrumbList\",\"@id\":\"https:\\\/\\\/elenafortuny.com\\\/la-danesa\\\/#breadcrumb\",\"itemListElement\":[{\"@type\":\"ListItem\",\"position\":1,\"name\":\"Portada\",\"item\":\"https:\\\/\\\/elenafortuny.com\\\/ca\\\/\"},{\"@type\":\"ListItem\",\"position\":2,\"name\":\"La Danesa\"}]},{\"@type\":\"WebSite\",\"@id\":\"https:\\\/\\\/elenafortuny.com\\\/ca\\\/#website\",\"url\":\"https:\\\/\\\/elenafortuny.com\\\/ca\\\/\",\"name\":\"Elena Fortuny\",\"description\":\"actriz\",\"potentialAction\":[{\"@type\":\"SearchAction\",\"target\":{\"@type\":\"EntryPoint\",\"urlTemplate\":\"https:\\\/\\\/elenafortuny.com\\\/ca\\\/?s={search_term_string}\"},\"query-input\":{\"@type\":\"PropertyValueSpecification\",\"valueRequired\":true,\"valueName\":\"search_term_string\"}}],\"inLanguage\":\"ca\"}]}<\/script>\n<!-- \/ Yoast SEO plugin. -->","yoast_head_json":{"title":"La Danesa","robots":{"index":"index","follow":"follow","max-snippet":"max-snippet:-1","max-image-preview":"max-image-preview:large","max-video-preview":"max-video-preview:-1"},"canonical":"https:\/\/elenafortuny.com\/la-danesa\/","og_locale":"ca_ES","og_type":"article","og_title":"La Danesa","og_description":"La Danesa\u00a0\u00e9s una companyia de teatre contemporani de text fundada el 2011 per Elena Fortuny, Ota Vall\u00e8s i Jumon Erra. Hem produ\u00eft cinc espectacles:\u00a0Un disgust dan\u00e8s\u00a0(Nau Ivanow\/Pensi\u00f3n de las Pulgas)\u00a0i\u00a0La dist\u00e0ncia entre el llamp i el tro\u00a0(OSIC\/Teatre Tantarantana),\u00a0tots dos autoria de Jumon Erra;\u00a0Assaig sobre la Lucidesa\u00a0(OSIC\/GREC2018\/Teatre Lliure), adaptaci\u00f3 teatral de l\u2019obra hom\u00f2nima del Premi Nobel [&hellip;]","og_url":"https:\/\/elenafortuny.com\/la-danesa\/","og_site_name":"Elena Fortuny","article_modified_time":"2023-10-06T12:10:11+00:00","og_image":[{"url":"https:\/\/elenafortuny.com\/wp-content\/uploads\/2016\/07\/la-danesa-logo.jpg","type":"","width":"","height":""}],"twitter_misc":{"Temps estimat de lectura":"3 minuts"},"schema":{"@context":"https:\/\/schema.org","@graph":[{"@type":"WebPage","@id":"https:\/\/elenafortuny.com\/la-danesa\/","url":"https:\/\/elenafortuny.com\/la-danesa\/","name":"La Danesa","isPartOf":{"@id":"https:\/\/elenafortuny.com\/ca\/#website"},"primaryImageOfPage":{"@id":"https:\/\/elenafortuny.com\/la-danesa\/#primaryimage"},"image":{"@id":"https:\/\/elenafortuny.com\/la-danesa\/#primaryimage"},"thumbnailUrl":"https:\/\/elenafortuny.com\/wp-content\/uploads\/2016\/07\/la-danesa-logo.jpg","datePublished":"2016-07-28T10:42:35+00:00","dateModified":"2023-10-06T12:10:11+00:00","breadcrumb":{"@id":"https:\/\/elenafortuny.com\/la-danesa\/#breadcrumb"},"inLanguage":"ca","potentialAction":[{"@type":"ReadAction","target":["https:\/\/elenafortuny.com\/la-danesa\/"]}]},{"@type":"ImageObject","inLanguage":"ca","@id":"https:\/\/elenafortuny.com\/la-danesa\/#primaryimage","url":"https:\/\/elenafortuny.com\/wp-content\/uploads\/2016\/07\/la-danesa-logo.jpg","contentUrl":"https:\/\/elenafortuny.com\/wp-content\/uploads\/2016\/07\/la-danesa-logo.jpg"},{"@type":"BreadcrumbList","@id":"https:\/\/elenafortuny.com\/la-danesa\/#breadcrumb","itemListElement":[{"@type":"ListItem","position":1,"name":"Portada","item":"https:\/\/elenafortuny.com\/ca\/"},{"@type":"ListItem","position":2,"name":"La Danesa"}]},{"@type":"WebSite","@id":"https:\/\/elenafortuny.com\/ca\/#website","url":"https:\/\/elenafortuny.com\/ca\/","name":"Elena Fortuny","description":"actriz","potentialAction":[{"@type":"SearchAction","target":{"@type":"EntryPoint","urlTemplate":"https:\/\/elenafortuny.com\/ca\/?s={search_term_string}"},"query-input":{"@type":"PropertyValueSpecification","valueRequired":true,"valueName":"search_term_string"}}],"inLanguage":"ca"}]}},"_links":{"self":[{"href":"https:\/\/elenafortuny.com\/ca\/wp-json\/wp\/v2\/pages\/589","targetHints":{"allow":["GET"]}}],"collection":[{"href":"https:\/\/elenafortuny.com\/ca\/wp-json\/wp\/v2\/pages"}],"about":[{"href":"https:\/\/elenafortuny.com\/ca\/wp-json\/wp\/v2\/types\/page"}],"author":[{"embeddable":true,"href":"https:\/\/elenafortuny.com\/ca\/wp-json\/wp\/v2\/users\/3"}],"replies":[{"embeddable":true,"href":"https:\/\/elenafortuny.com\/ca\/wp-json\/wp\/v2\/comments?post=589"}],"version-history":[{"count":27,"href":"https:\/\/elenafortuny.com\/ca\/wp-json\/wp\/v2\/pages\/589\/revisions"}],"predecessor-version":[{"id":2381,"href":"https:\/\/elenafortuny.com\/ca\/wp-json\/wp\/v2\/pages\/589\/revisions\/2381"}],"wp:attachment":[{"href":"https:\/\/elenafortuny.com\/ca\/wp-json\/wp\/v2\/media?parent=589"}],"curies":[{"name":"wp","href":"https:\/\/api.w.org\/{rel}","templated":true}]}}